{"id":3169,"date":"2025-11-25T20:31:41","date_gmt":"2025-11-25T20:31:41","guid":{"rendered":"https:\/\/eu4ria.fr\/?post_type=product&#038;p=3169"},"modified":"2025-12-09T10:28:24","modified_gmt":"2025-12-09T09:28:24","slug":"baguette-a-the","status":"publish","type":"product","link":"https:\/\/eu4ria.fr\/fr\/product\/tea-wand\/","title":{"rendered":"Baguette \u00e0 th\u00e9"},"content":{"rendered":"","protected":false},"excerpt":{"rendered":"<p><span style=\"font-size: 18pt;\"><strong>Infuseur en acier inoxydable<\/strong><\/span><br \/>\n<strong><em><span style=\"font-size: 14pt;\"><br \/>\nUn geste simple, un rituel raffin\u00e9. <\/span><\/em><\/strong><br \/>\nFabriqu\u00e9e en acier inoxydable de premi\u00e8re qualit\u00e9, cette baguette \u00e0 th\u00e9 s\u2019ouvre d\u2019une l\u00e9g\u00e8re pression pour accueillir vos m\u00e9langes en vrac, lib\u00e9rant leurs ar\u00f4mes lentement et uniform\u00e9ment \u00e0 travers ses fines perforations. Pr\u00e9sent\u00e9e dans une \u00e9l\u00e9gante bo\u00eete cadeau, elle s\u2019associe naturellement \u00e0 tous les th\u00e9s EU4RIA.<\/p>\n<p><strong>D\u00e9tails :<\/strong><br \/>\n- Construction en acier inoxydable<br \/>\n- M\u00e9canisme d\u2019ouverture par pression en douceur<br \/>\n- Dimensions : \u00d8 2 cm \u00d7 15,7 cm<br \/>\n- Con\u00e7ue pour le th\u00e9 en vrac<br \/>\n- Fabriqu\u00e9e en Allemagne<\/p>","protected":false},"featured_media":3187,"comment_status":"open","ping_status":"closed","template":"","meta":[],"product_brand":[],"product_cat":[92],"product_tag":[],"class_list":{"0":"post-3169","1":"product","2":"type-product","3":"status-publish","4":"has-post-thumbnail","6":"product_cat-accessories","9":"instock","10":"purchasable","11":"product-type-simple","12":"product-grid-view"},"_links":{"self":[{"href":"https:\/\/eu4ria.fr\/fr\/wp-json\/wp\/v2\/product\/3169","targetHints":{"allow":["GET"]}}],"collection":[{"href":"https:\/\/eu4ria.fr\/fr\/wp-json\/wp\/v2\/product"}],"about":[{"href":"https:\/\/eu4ria.fr\/fr\/wp-json\/wp\/v2\/types\/product"}],"replies":[{"embeddable":true,"href":"https:\/\/eu4ria.fr\/fr\/wp-json\/wp\/v2\/comments?post=3169"}],"version-history":[{"count":7,"href":"https:\/\/eu4ria.fr\/fr\/wp-json\/wp\/v2\/product\/3169\/revisions"}],"predecessor-version":[{"id":3180,"href":"https:\/\/eu4ria.fr\/fr\/wp-json\/wp\/v2\/product\/3169\/revisions\/3180"}],"wp:featuredmedia":[{"embeddable":true,"href":"https:\/\/eu4ria.fr\/fr\/wp-json\/wp\/v2\/media\/3187"}],"wp:attachment":[{"href":"https:\/\/eu4ria.fr\/fr\/wp-json\/wp\/v2\/media?parent=3169"}],"wp:term":[{"taxonomy":"product_brand","embeddable":true,"href":"https:\/\/eu4ria.fr\/fr\/wp-json\/wp\/v2\/product_brand?post=3169"},{"taxonomy":"product_cat","embeddable":true,"href":"https:\/\/eu4ria.fr\/fr\/wp-json\/wp\/v2\/product_cat?post=3169"},{"taxonomy":"product_tag","embeddable":true,"href":"https:\/\/eu4ria.fr\/fr\/wp-json\/wp\/v2\/product_tag?post=3169"}],"curies":[{"name":"wp","href":"https:\/\/api.w.org\/{rel}","templated":true}]}}