{"id":2,"date":"2022-09-03T07:51:40","date_gmt":"2022-09-03T07:51:40","guid":{"rendered":"https:\/\/eu4ria.fr\/?page_id=2"},"modified":"2025-01-27T16:06:02","modified_gmt":"2025-01-27T16:06:02","slug":"conditions-dutilisation","status":"publish","type":"page","link":"https:\/\/eu4ria.fr\/fr\/terms-condition\/","title":{"rendered":"Conditions g\u00e9n\u00e9rales d'utilisation"},"content":{"rendered":"<div data-elementor-type=\"wp-page\" data-elementor-id=\"2\" class=\"elementor elementor-2\" data-elementor-post-type=\"page\">\n\t\t\t\t\t\t<section class=\"elementor-section elementor-top-section elementor-element elementor-element-4cd7e453 elementor-section-boxed elementor-section-height-default elementor-section-height-default\" data-id=\"4cd7e453\" data-element_type=\"section\" data-e-type=\"section\" data-settings=\"{&quot;wdt_bg_image&quot;:{&quot;url&quot;:&quot;&quot;,&quot;id&quot;:&quot;&quot;,&quot;size&quot;:&quot;&quot;},&quot;wdt_bg_image_laptop&quot;:{&quot;url&quot;:&quot;&quot;,&quot;id&quot;:&quot;&quot;,&quot;size&quot;:&quot;&quot;},&quot;wdt_bg_image_tablet_extra&quot;:{&quot;url&quot;:&quot;&quot;,&quot;id&quot;:&quot;&quot;,&quot;size&quot;:&quot;&quot;},&quot;wdt_bg_image_tablet&quot;:{&quot;url&quot;:&quot;&quot;,&quot;id&quot;:&quot;&quot;,&quot;size&quot;:&quot;&quot;},&quot;wdt_bg_image_mobile_extra&quot;:{&quot;url&quot;:&quot;&quot;,&quot;id&quot;:&quot;&quot;,&quot;size&quot;:&quot;&quot;},&quot;wdt_bg_image_mobile&quot;:{&quot;url&quot;:&quot;&quot;,&quot;id&quot;:&quot;&quot;,&quot;size&quot;:&quot;&quot;},&quot;wdt_bg_position&quot;:&quot;center center&quot;,&quot;wdt_animation_effect&quot;:&quot;none&quot;}\">\n\t\t\t\t\t\t<div class=\"elementor-container elementor-column-gap-default\">\n\t\t\t\t\t<div class=\"elementor-column elementor-col-100 elementor-top-column elementor-element elementor-element-380a64e1\" data-id=\"380a64e1\" data-element_type=\"column\" data-e-type=\"column\">\n\t\t\t<div class=\"elementor-widget-wrap elementor-element-populated\">\n\t\t\t\t\t\t<div class=\"elementor-element elementor-element-11f04494 elementor-widget elementor-widget-text-editor\" data-id=\"11f04494\" data-element_type=\"widget\" data-e-type=\"widget\" data-settings=\"{&quot;wdt_animation_effect&quot;:&quot;none&quot;}\" data-widget_type=\"text-editor.default\">\n\t\t\t\t<div class=\"elementor-widget-container\">\n\t\t\t\t\t\t\t\t\t<p><span style=\"font-weight: 400;\">Les pr\u00e9sentes conditions g\u00e9n\u00e9rales de vente (ci-apr\u00e8s d\u00e9nomm\u00e9es \"conditions\") r\u00e9gissent toutes les transactions effectu\u00e9es sur le site web EU4RIA, accessible aux clients en France et dans l'ensemble de l'Union europ\u00e9enne. En passant une commande, vous acceptez ces conditions.<\/span><\/p>\n<h2><b>Champ d'application<\/b><\/h2>\n<p><span style=\"font-weight: 400;\">Les pr\u00e9sentes conditions s'appliquent \u00e0 toute vente de produits figurant sur le site web de l'EU4RIA. Toute condition contradictoire pr\u00e9sent\u00e9e par le client est exclue, \u00e0 moins qu'elle ne soit express\u00e9ment accept\u00e9e par EU4RIA. Nous nous r\u00e9servons le droit de mettre \u00e0 jour les pr\u00e9sentes conditions \u00e0 tout moment ; la version en vigueur au moment de l'achat s'appliquera.<\/span><\/p>\n<h2><b>Commandes<\/b><\/h2>\n<p><b>Processus de commande :<\/b><\/p>\n<ol>\n<li><span style=\"font-weight: 400;\">Les produits sont s\u00e9lectionn\u00e9s et ajout\u00e9s au panier.<\/span><\/li>\n<li><span style=\"font-weight: 400;\">La confirmation de la commande se fait au moment du paiement.<\/span><\/li>\n<li><span style=\"font-weight: 400;\">La r\u00e9ception de la commande est confirm\u00e9e par courrier \u00e9lectronique.<\/span><\/li>\n<\/ol>\n<p><b>Disponibilit\u00e9 de la commande :<\/b><\/p>\n<p><span style=\"font-weight: 400;\">Bien que nous nous efforcions de garantir la disponibilit\u00e9 des stocks, il peut arriver qu'un produit ne soit pas disponible. Dans ce cas :<\/span><\/p>\n<p><span style=\"font-weight: 400;\">Vous en serez inform\u00e9 rapidement.<\/span><\/p>\n<p><span style=\"font-weight: 400;\">Vous pouvez choisir de modifier ou d'annuler la commande.<\/span><\/p>\n<p><span style=\"font-weight: 400;\">Si un article est d\u00e9finitivement indisponible, nous rembourserons le montant correspondant.<\/span><\/p>\n<h2><b>Prix<\/b><\/h2>\n<p><span style=\"font-weight: 400;\">Tous les prix sont affich\u00e9s en euros (\u20ac) et incluent la TVA fran\u00e7aise applicable.<\/span><\/p>\n<p><span style=\"font-weight: 400;\">Les frais d'exp\u00e9dition, les droits de douane ou les taxes suppl\u00e9mentaires pour les livraisons en dehors de l'UE ne sont pas inclus dans le prix du produit.<\/span><\/p>\n<p><span style=\"font-weight: 400;\">Les prix sont susceptibles d'\u00eatre modifi\u00e9s ; le prix applicable est celui en vigueur au moment de la confirmation de la commande.<\/span><\/p>\n<h2><b>Paiement<\/b><\/h2>\n<p><span style=\"font-weight: 400;\">Le paiement est exig\u00e9 au moment de la confirmation de la commande. Nous acceptons :<\/span><\/p>\n<ul>\n<li><span style=\"font-weight: 400;\">Cartes de cr\u00e9dit et de d\u00e9bit (Visa, MasterCard, American Express).<\/span><\/li>\n<li><span style=\"font-weight: 400;\">PayPal.<\/span><\/li>\n<\/ul>\n<p><span style=\"font-weight: 400;\">Tous les paiements sont trait\u00e9s en toute s\u00e9curit\u00e9 gr\u00e2ce au cryptage SSL. L'EU4RIA ne conserve pas les donn\u00e9es financi\u00e8res.<\/span><\/p>\n<h2><b>Livraison<\/b><\/h2>\n<p><b>Exp\u00e9dition :<\/b><\/p>\n<p><span style=\"font-weight: 400;\">Les commandes sont exp\u00e9di\u00e9es \u00e0 l'adresse indiqu\u00e9e lors de la commande.<\/span><\/p>\n<p><span style=\"font-weight: 400;\">Les livraisons en France m\u00e9tropolitaine sont gratuites \u00e0 partir de 50 \u20ac d'achat. Les frais de port standard s'appliquent pour les montants inf\u00e9rieurs.<\/span><\/p>\n<p><b>D\u00e9lais de livraison :<\/b><\/p>\n<ul>\n<li><span style=\"font-weight: 400;\">France : 2-5 jours ouvrables.<\/span><\/li>\n<li><span style=\"font-weight: 400;\">Pays de l'UE : 4-10 jours ouvrables.<\/span><\/li>\n<\/ul>\n<p><b>Retards :<\/b><\/p>\n<p><span style=\"font-weight: 400;\">Bien que nous nous efforcions de livrer les produits dans les d\u00e9lais impartis, des retards impr\u00e9vus peuvent survenir. EU4RIA n'est pas responsable des retards caus\u00e9s par des transporteurs tiers ou par les douanes.<\/span><\/p>\n<h2><b>Retours et remboursements<\/b><\/h2>\n<p><b>Droit de r\u00e9tractation :<\/b><\/p>\n<p><span style=\"font-weight: 400;\">Les clients de l'UE disposent d'un d\u00e9lai de 14 jours \u00e0 compter de la r\u00e9ception des marchandises pour se r\u00e9tracter sans donner de raison.<\/span><\/p>\n<p><b>Conditions de retour :<\/b><\/p>\n<p><span style=\"font-weight: 400;\">Les articles doivent \u00eatre inutilis\u00e9s et dans leur emballage d'origine.<\/span><\/p>\n<p><span style=\"font-weight: 400;\">Les frais de retour sont \u00e0 la charge du client, sauf si le retour est d\u00fb \u00e0 un produit d\u00e9fectueux.<\/span><\/p>\n<p><b>Remboursements :<\/b><\/p>\n<p><span style=\"font-weight: 400;\">Les remboursements approuv\u00e9s seront trait\u00e9s dans les 14 jours suivant la r\u00e9ception de l'article retourn\u00e9.<\/span><\/p>\n<p><span style=\"font-weight: 400;\">Les remboursements sont effectu\u00e9s selon le mode de paiement initial.<\/span><\/p>\n<h2><b>Garantie du produit<\/b><\/h2>\n<p><span style=\"font-weight: 400;\">Tous les produits sont conformes aux r\u00e9glementations fran\u00e7aise et europ\u00e9enne. En cas de produit d\u00e9fectueux, les clients ont droit \u00e0 un remplacement ou \u00e0 un remboursement conform\u00e9ment aux garanties l\u00e9gales.<\/span><\/p>\n<h2><b>Limitation de la responsabilit\u00e9<\/b><\/h2>\n<p><span style=\"font-weight: 400;\">EU4RIA n'est pas responsable des dommages indirects, y compris la perte de revenus ou d'utilisation, r\u00e9sultant de l'achat ou de l'utilisation de nos produits. Cette limitation ne s'applique pas en cas de n\u00e9gligence grave ou de faute intentionnelle.<\/span><\/p>\n<h2><b>Propri\u00e9t\u00e9 intellectuelle<\/b><\/h2>\n<p><span style=\"font-weight: 400;\">Tout le contenu du site web EU4RIA, y compris les descriptions de produits, les images et les marques, est prot\u00e9g\u00e9 par les lois sur la propri\u00e9t\u00e9 intellectuelle. Toute utilisation ou reproduction non autoris\u00e9e est strictement interdite.<\/span><\/p>\n<h2><b>Droit applicable et juridiction<\/b><\/h2>\n<p><span style=\"font-weight: 400;\">Les pr\u00e9sentes conditions sont r\u00e9gies par le droit fran\u00e7ais. Tout litige sera soumis \u00e0 la comp\u00e9tence exclusive des tribunaux de Paris, France.<\/span><\/p>\n<h2><b>Contactez nous<\/b><\/h2>\n<p><span style=\"font-weight: 400;\">Si vous avez des questions ou des pr\u00e9occupations concernant ces conditions, veuillez nous contacter :<\/span><\/p>\n<p><b>Courriel<\/b><span style=\"font-weight: 400;\">: support@eu4ria.fr<\/span><\/p>\n<p><span style=\"font-weight: 400;\">Nous vous remercions d'avoir choisi EU4RIA pour votre exp\u00e9rience du th\u00e9 de qualit\u00e9 sup\u00e9rieure.<\/span><\/p>\t\t\t\t\t\t\t\t<\/div>\n\t\t\t\t<\/div>\n\t\t\t\t\t<\/div>\n\t\t<\/div>\n\t\t\t\t\t<\/div>\n\t\t<\/section>\n\t\t\t\t<\/div>","protected":false},"excerpt":{"rendered":"<p>These General Terms and Conditions of Sale (hereafter referred to as &#8220;Terms&#8221;) govern all transactions made on the EU4RIA website, accessible to customers in France and across the European Union. By placing an order, you agree to these Terms. Scope of application These Terms apply to any sale of products listed on the EU4RIA website. [&hellip;]<\/p>\n","protected":false},"author":19,"featured_media":0,"parent":0,"menu_order":0,"comment_status":"closed","ping_status":"open","template":"","meta":{"footnotes":""},"class_list":["post-2","page","type-page","status-publish","hentry"],"_links":{"self":[{"href":"https:\/\/eu4ria.fr\/fr\/wp-json\/wp\/v2\/pages\/2","targetHints":{"allow":["GET"]}}],"collection":[{"href":"https:\/\/eu4ria.fr\/fr\/wp-json\/wp\/v2\/pages"}],"about":[{"href":"https:\/\/eu4ria.fr\/fr\/wp-json\/wp\/v2\/types\/page"}],"author":[{"embeddable":true,"href":"https:\/\/eu4ria.fr\/fr\/wp-json\/wp\/v2\/users\/19"}],"replies":[{"embeddable":true,"href":"https:\/\/eu4ria.fr\/fr\/wp-json\/wp\/v2\/comments?post=2"}],"version-history":[{"count":8,"href":"https:\/\/eu4ria.fr\/fr\/wp-json\/wp\/v2\/pages\/2\/revisions"}],"predecessor-version":[{"id":1934,"href":"https:\/\/eu4ria.fr\/fr\/wp-json\/wp\/v2\/pages\/2\/revisions\/1934"}],"wp:attachment":[{"href":"https:\/\/eu4ria.fr\/fr\/wp-json\/wp\/v2\/media?parent=2"}],"curies":[{"name":"wp","href":"https:\/\/api.w.org\/{rel}","templated":true}]}}